{"id":73,"date":"2018-10-23T08:32:35","date_gmt":"2018-10-23T08:32:35","guid":{"rendered":"https:\/\/futuriodemos.com\/default-demo\/?page_id=72"},"modified":"2024-01-30T11:31:31","modified_gmt":"2024-01-30T10:31:31","slug":"contact","status":"publish","type":"page","link":"https:\/\/formation-ccihc.fr\/kedge_2024\/contact\/","title":{"rendered":"Contact"},"content":{"rendered":"\t\t<div data-elementor-type=\"wp-post\" data-elementor-id=\"73\" class=\"elementor elementor-73\">\n\t\t\t\t\t\t<section class=\"elementor-section elementor-top-section elementor-element elementor-element-3d53e194 elementor-section-full_width elementor-section-stretched elementor-section-height-default elementor-section-height-default\" data-id=\"3d53e194\" data-element_type=\"section\" data-settings=\"{&quot;stretch_section&quot;:&quot;section-stretched&quot;}\">\n\t\t\t\t\t\t<div class=\"elementor-container elementor-column-gap-no\">\n\t\t\t\t\t<div class=\"elementor-column elementor-col-100 elementor-top-column elementor-element elementor-element-100d57f1\" data-id=\"100d57f1\" data-element_type=\"column\">\n\t\t\t<div class=\"elementor-widget-wrap elementor-element-populated\">\n\t\t\t\t\t\t<div class=\"elementor-element elementor-element-441c0160 elementor-widget elementor-widget-google_maps\" data-id=\"441c0160\" data-element_type=\"widget\" data-widget_type=\"google_maps.default\">\n\t\t\t\t<div class=\"elementor-widget-container\">\n\t\t\t\t\t\t\t<div class=\"elementor-custom-embed\">\n\t\t\t<iframe loading=\"lazy\"\n\t\t\t\t\tsrc=\"https:\/\/maps.google.com\/maps?q=Kedge%20Business%20School%20-%20Campus%20Bastia%20726%20Strada%20Vecchia%2C%2020290%20Borgo&#038;t=m&#038;z=17&#038;output=embed&#038;iwloc=near\"\n\t\t\t\t\ttitle=\"Kedge Business School - Campus Bastia 726 Strada Vecchia, 20290 Borgo\"\n\t\t\t\t\taria-label=\"Kedge Business School - Campus Bastia 726 Strada Vecchia, 20290 Borgo\"\n\t\t\t><\/iframe>\n\t\t<\/div>\n\t\t\t\t\t\t<\/div>\n\t\t\t\t<\/div>\n\t\t\t\t\t<\/div>\n\t\t<\/div>\n\t\t\t\t\t<\/div>\n\t\t<\/section>\n\t\t\t\t<section class=\"elementor-section elementor-top-section elementor-element elementor-element-e418a57 elementor-section-stretched elementor-section-content-middle elementor-section-boxed elementor-section-height-default elementor-section-height-default\" data-id=\"e418a57\" data-element_type=\"section\" data-settings=\"{&quot;stretch_section&quot;:&quot;section-stretched&quot;,&quot;background_background&quot;:&quot;classic&quot;,&quot;shape_divider_top&quot;:&quot;opacity-tilt&quot;}\">\n\t\t\t\t\t<div class=\"elementor-shape elementor-shape-top\" aria-hidden=\"true\" data-negative=\"false\">\n\t\t\t<svg xmlns=\"http:\/\/www.w3.org\/2000\/svg\" viewBox=\"0 0 2600 131.1\" preserveAspectRatio=\"none\">\n\t<path class=\"elementor-shape-fill\" d=\"M0 0L2600 0 2600 69.1 0 0z\"\/>\n\t<path class=\"elementor-shape-fill\" style=\"opacity:0.5\" d=\"M0 0L2600 0 2600 69.1 0 69.1z\"\/>\n\t<path class=\"elementor-shape-fill\" style=\"opacity:0.25\" d=\"M2600 0L0 0 0 130.1 2600 69.1z\"\/>\n<\/svg>\t\t<\/div>\n\t\t\t\t\t<div class=\"elementor-container elementor-column-gap-default\">\n\t\t\t\t\t<div class=\"elementor-column elementor-col-100 elementor-top-column elementor-element elementor-element-010629f elementor-invisible\" data-id=\"010629f\" data-element_type=\"column\" data-settings=\"{&quot;animation&quot;:&quot;slideInLeft&quot;}\">\n\t\t\t<div class=\"elementor-widget-wrap elementor-element-populated\">\n\t\t\t\t\t\t<section class=\"elementor-section elementor-inner-section elementor-element elementor-element-6cce9d5 elementor-section-boxed elementor-section-height-default elementor-section-height-default\" data-id=\"6cce9d5\" data-element_type=\"section\">\n\t\t\t\t\t\t<div class=\"elementor-container elementor-column-gap-default\">\n\t\t\t\t\t<div class=\"elementor-column elementor-col-100 elementor-inner-column elementor-element elementor-element-9a08bc5\" data-id=\"9a08bc5\" data-element_type=\"column\">\n\t\t\t<div class=\"elementor-widget-wrap elementor-element-populated\">\n\t\t\t\t\t\t<div class=\"elementor-element elementor-element-f81ab46 elementor-widget elementor-widget-heading\" data-id=\"f81ab46\" data-element_type=\"widget\" data-widget_type=\"heading.default\">\n\t\t\t\t<div class=\"elementor-widget-container\">\n\t\t\t\t\t<h2 class=\"elementor-heading-title elementor-size-default\">CONTACT<\/h2>\t\t\t\t<\/div>\n\t\t\t\t<\/div>\n\t\t\t\t<div class=\"elementor-element elementor-element-8186273 elementor-widget elementor-widget-wpforms\" data-id=\"8186273\" data-element_type=\"widget\" data-widget_type=\"wpforms.default\">\n\t\t\t\t<div class=\"elementor-widget-container\">\n\t\t\t\t\t<style id=\"wpforms-css-vars-elementor-widget-8186273\">\n\t\t\t\t.elementor-widget-wpforms.elementor-element-8186273 {\n\t\t\t\t--wpforms-label-color: #FFFFFFD9;\n\t\t\t}\n\t\t\t<\/style><div class=\"wpforms-container wpforms-container-full wpforms-render-modern\" id=\"wpforms-2385\"><form id=\"wpforms-form-2385\" class=\"wpforms-validate wpforms-form wpforms-ajax-form\" data-formid=\"2385\" method=\"post\" enctype=\"multipart\/form-data\" action=\"\/kedge_2024\/wp-json\/wp\/v2\/pages\/73\" data-token=\"aa0d06d664132b13069e047e069e9333\" data-token-time=\"1775559261\"><noscript class=\"wpforms-error-noscript\">Veuillez activer JavaScript dans votre navigateur pour remplir ce formulaire.<\/noscript><div id=\"wpforms-error-noscript\" style=\"display: none;\">Veuillez activer JavaScript dans votre navigateur pour remplir ce formulaire.<\/div><div class=\"wpforms-field-container\"><div id=\"wpforms-2385-field_0-container\" class=\"wpforms-field wpforms-field-name\" data-field-id=\"0\"><label class=\"wpforms-field-label\" for=\"wpforms-2385-field_0\">Nom du projet <span class=\"wpforms-required-label\" aria-hidden=\"true\">*<\/span><\/label><input type=\"text\" id=\"wpforms-2385-field_0\" class=\"wpforms-field-medium wpforms-field-required\" name=\"wpforms[fields][0]\" aria-errormessage=\"wpforms-2385-field_0-error\" required><\/div><div id=\"wpforms-2385-field_4-container\" class=\"wpforms-field wpforms-field-text\" data-field-id=\"4\"><label class=\"wpforms-field-label\" for=\"wpforms-2385-field_4\">Mots-cl\u00e9s permettant d\u2019identifier le projet <span class=\"wpforms-required-label\" aria-hidden=\"true\">*<\/span><\/label><input type=\"text\" id=\"wpforms-2385-field_4\" class=\"wpforms-field-medium wpforms-field-required\" name=\"wpforms[fields][4]\" aria-errormessage=\"wpforms-2385-field_4-error\" required><\/div><div id=\"wpforms-2385-field_1-container\" class=\"wpforms-field wpforms-field-email\" data-field-id=\"1\"><label class=\"wpforms-field-label\" for=\"wpforms-2385-field_1\">E-mail <span class=\"wpforms-required-label\" aria-hidden=\"true\">*<\/span><\/label><input type=\"email\" id=\"wpforms-2385-field_1\" class=\"wpforms-field-medium wpforms-field-required\" name=\"wpforms[fields][1]\" spellcheck=\"false\" aria-errormessage=\"wpforms-2385-field_1-error\" required><\/div><div id=\"wpforms-2385-field_3-container\" class=\"wpforms-field wpforms-field-select wpforms-field-select-style-modern\" data-field-id=\"3\"><label class=\"wpforms-field-label\" for=\"wpforms-2385-field_3\">Cat\u00e9gorie<\/label><select id=\"wpforms-2385-field_3\" class=\"wpforms-field-large choicesjs-select\" data-size-class=\"wpforms-field-row wpforms-field-large\" data-search-enabled=\"\" name=\"wpforms[fields][3]\"><option value=\"\" class=\"placeholder\" disabled  selected='selected'><\/option><option value=\"Id\u00e9e\"  class=\"choice-1 depth-1\"  >Id\u00e9e<\/option><option value=\"Cr\u00e9ation\"  class=\"choice-2 depth-1\"  >Cr\u00e9ation<\/option><\/select><\/div><div id=\"wpforms-2385-field_6-container\" class=\"wpforms-field wpforms-field-select wpforms-field-select-style-modern\" data-field-id=\"6\"><label class=\"wpforms-field-label\" for=\"wpforms-2385-field_6\">Domaine<\/label><select id=\"wpforms-2385-field_6\" class=\"wpforms-field-large choicesjs-select\" data-size-class=\"wpforms-field-row wpforms-field-large\" data-search-enabled=\"\" name=\"wpforms[fields][6]\"><option value=\"\" class=\"placeholder\" disabled  selected='selected'><\/option><option value=\"Comerce\"  class=\"choice-1 depth-1\"  >Comerce<\/option><option value=\"Industrie\"  class=\"choice-2 depth-1\"  >Industrie<\/option><option value=\"Services\"  class=\"choice-7 depth-1\"  >Services<\/option><option value=\"Agro-alimentaire\"  class=\"choice-8 depth-1\"  >Agro-alimentaire<\/option><option value=\"Tourisme\"  class=\"choice-9 depth-1\"  >Tourisme<\/option><option value=\"BTP\"  class=\"choice-10 depth-1\"  >BTP<\/option><option value=\"Autre\"  class=\"choice-11 depth-1\"  >Autre<\/option><\/select><\/div><div id=\"wpforms-2385-field_7-container\" class=\"wpforms-field wpforms-field-text\" data-field-id=\"7\"><label class=\"wpforms-field-label\" for=\"wpforms-2385-field_7\">Lieu d&#039;implantation du projet<\/label><input type=\"text\" id=\"wpforms-2385-field_7\" class=\"wpforms-field-medium\" name=\"wpforms[fields][7]\" aria-errormessage=\"wpforms-2385-field_7-error\" ><\/div><div id=\"wpforms-2385-field_8-container\" class=\"wpforms-field wpforms-field-text\" data-field-id=\"8\"><label class=\"wpforms-field-label\" for=\"wpforms-2385-field_8\">Adresse du projet<\/label><input type=\"text\" id=\"wpforms-2385-field_8\" class=\"wpforms-field-medium\" name=\"wpforms[fields][8]\" aria-errormessage=\"wpforms-2385-field_8-error\" ><\/div><div id=\"wpforms-2385-field_2-container\" class=\"wpforms-field wpforms-field-textarea\" data-field-id=\"2\"><label class=\"wpforms-field-label\" for=\"wpforms-2385-field_2\">Commentaire ou message<\/label><textarea id=\"wpforms-2385-field_2\" class=\"wpforms-field-medium\" name=\"wpforms[fields][2]\" aria-errormessage=\"wpforms-2385-field_2-error\" ><\/textarea><\/div><div id=\"wpforms-2385-field_5-container\" class=\"wpforms-field wpforms-field-gdpr-checkbox\" data-field-id=\"5\"><label class=\"wpforms-field-label\">Accord RGPD <span class=\"wpforms-required-label\" aria-hidden=\"true\">*<\/span><\/label><ul id=\"wpforms-2385-field_5\" class=\"wpforms-field-required\"><li class=\"choice-1\"><input type=\"checkbox\" id=\"wpforms-2385-field_5_1\" name=\"wpforms[fields][5][]\" value=\"Je consens \u00e0 ce que ce site stocke mes informations envoy\u00e9es afin qu\u2019ils puissent r\u00e9pondre \u00e0 ma requ\u00eate.\" aria-errormessage=\"wpforms-2385-field_5_1-error\" required ><label class=\"wpforms-field-label-inline\" for=\"wpforms-2385-field_5_1\">Je consens \u00e0 ce que ce site stocke mes informations envoy\u00e9es afin qu\u2019ils puissent r\u00e9pondre \u00e0 ma requ\u00eate.<\/label><\/li><\/ul><\/div><\/div><!-- .wpforms-field-container --><div class=\"wpforms-recaptcha-container wpforms-is-hcaptcha\" ><div class=\"g-recaptcha\" data-sitekey=\"ec3900f0-9ec5-449a-b3f2-b24ceffcaf37\"><\/div><input type=\"text\" name=\"g-recaptcha-hidden\" class=\"wpforms-recaptcha-hidden\" style=\"position:absolute!important;clip:rect(0,0,0,0)!important;height:1px!important;width:1px!important;border:0!important;overflow:hidden!important;padding:0!important;margin:0!important;\" data-rule-hcaptcha=\"1\"><\/div><div class=\"wpforms-submit-container\" ><input type=\"hidden\" name=\"wpforms[id]\" value=\"2385\"><input type=\"hidden\" name=\"page_title\" value=\"\"><input type=\"hidden\" name=\"page_url\" value=\"https:\/\/formation-ccihc.fr\/kedge_2024\/wp-json\/wp\/v2\/pages\/73\"><input type=\"hidden\" name=\"url_referer\" value=\"\"><button type=\"submit\" name=\"wpforms[submit]\" id=\"wpforms-submit-2385\" class=\"wpforms-submit\" data-alt-text=\"Envoi...\" data-submit-text=\"Envoyer\" aria-live=\"assertive\" value=\"wpforms-submit\">Envoyer<\/button><img decoding=\"async\" src=\"https:\/\/formation-ccihc.fr\/kedge_2024\/wp-content\/plugins\/wpforms-lite\/assets\/images\/submit-spin.svg\" class=\"wpforms-submit-spinner\" style=\"display: none;\" width=\"26\" height=\"26\" alt=\"Chargement en cours\"><\/div><\/form><\/div>  <!-- .wpforms-container -->\t\t\t\t<\/div>\n\t\t\t\t<\/div>\n\t\t\t\t\t<\/div>\n\t\t<\/div>\n\t\t\t\t\t<\/div>\n\t\t<\/section>\n\t\t\t\t<div class=\"elementor-element elementor-element-292dd28 elementor-widget elementor-widget-spacer\" data-id=\"292dd28\" data-element_type=\"widget\" data-widget_type=\"spacer.default\">\n\t\t\t\t<div class=\"elementor-widget-container\">\n\t\t\t\t\t\t\t<div class=\"elementor-spacer\">\n\t\t\t<div class=\"elementor-spacer-inner\"><\/div>\n\t\t<\/div>\n\t\t\t\t\t\t<\/div>\n\t\t\t\t<\/div>\n\t\t\t\t<section class=\"elementor-section elementor-inner-section elementor-element elementor-element-62af672 elementor-section-boxed elementor-section-height-default elementor-section-height-default\" data-id=\"62af672\" data-element_type=\"section\">\n\t\t\t\t\t\t<div class=\"elementor-container elementor-column-gap-default\">\n\t\t\t\t\t<div class=\"elementor-column elementor-col-50 elementor-inner-column elementor-element elementor-element-d39fc83\" data-id=\"d39fc83\" data-element_type=\"column\">\n\t\t\t<div class=\"elementor-widget-wrap elementor-element-populated\">\n\t\t\t\t\t\t<div class=\"elementor-element elementor-element-06bf052 elementor-widget elementor-widget-heading\" data-id=\"06bf052\" data-element_type=\"widget\" data-widget_type=\"heading.default\">\n\t\t\t\t<div class=\"elementor-widget-container\">\n\t\t\t\t\t<span class=\"elementor-heading-title elementor-size-default\">Kedge Business School Bastia<\/span>\t\t\t\t<\/div>\n\t\t\t\t<\/div>\n\t\t\t\t<div class=\"elementor-element elementor-element-2e94180 elementor-widget elementor-widget-text-editor\" data-id=\"2e94180\" data-element_type=\"widget\" data-widget_type=\"text-editor.default\">\n\t\t\t\t<div class=\"elementor-widget-container\">\n\t\t\t\t\t\t\t\t\t<p>726 Strada Vecchia<br>20290 BORGO<br>Tel: +33 495 300 000<\/p>\t\t\t\t\t\t\t\t<\/div>\n\t\t\t\t<\/div>\n\t\t\t\t\t<\/div>\n\t\t<\/div>\n\t\t\t\t<div class=\"elementor-column elementor-col-50 elementor-inner-column elementor-element elementor-element-efaa4c7\" data-id=\"efaa4c7\" data-element_type=\"column\">\n\t\t\t<div class=\"elementor-widget-wrap elementor-element-populated\">\n\t\t\t\t\t\t<div class=\"elementor-element elementor-element-30d4b33 elementor-widget elementor-widget-text-editor\" data-id=\"30d4b33\" data-element_type=\"widget\" data-widget_type=\"text-editor.default\">\n\t\t\t\t<div class=\"elementor-widget-container\">\n\t\t\t\t\t\t\t\t\tJean-Thomas VALLESI<br \/>\nResponsable des Programmes<br \/>\nKEDGE Business School Bastia<br \/>\n06 59 41 65 85\t\t\t\t\t\t\t\t<\/div>\n\t\t\t\t<\/div>\n\t\t\t\t\t<\/div>\n\t\t<\/div>\n\t\t\t\t\t<\/div>\n\t\t<\/section>\n\t\t\t\t<div class=\"elementor-element elementor-element-61e42a4 elementor-widget elementor-widget-spacer\" data-id=\"61e42a4\" data-element_type=\"widget\" data-widget_type=\"spacer.default\">\n\t\t\t\t<div class=\"elementor-widget-container\">\n\t\t\t\t\t\t\t<div class=\"elementor-spacer\">\n\t\t\t<div class=\"elementor-spacer-inner\"><\/div>\n\t\t<\/div>\n\t\t\t\t\t\t<\/div>\n\t\t\t\t<\/div>\n\t\t\t\t\t<\/div>\n\t\t<\/div>\n\t\t\t\t\t<\/div>\n\t\t<\/section>\n\t\t\t\t<\/div>\n\t\t","protected":false},"excerpt":{"rendered":"<p>CONTACT Veuillez activer JavaScript dans votre navigateur pour remplir ce formulaire.Veuillez activer JavaScript dans votre navigateur pour remplir ce formulaire.Nom *Pr\u00e9nom *E-mail *Votre inter\u00eatBachelor KedgeBachelor KedgeFormation continueIncubateurEcole entrepreneurialeKedge ImpaktKedge consultingCommentaire ou messageAccord RGPD * Je consens \u00e0 ce que ce site stocke mes informations envoy\u00e9es afin qu\u2019ils puissent r\u00e9pondre \u00e0 ma requ\u00eate. Envoyer Kedge Business&hellip;<\/p>\n","protected":false},"author":1,"featured_media":0,"parent":0,"menu_order":0,"comment_status":"closed","ping_status":"closed","template":"","meta":{"footnotes":""},"class_list":["post-73","page","type-page","status-publish","hentry"],"_links":{"self":[{"href":"https:\/\/formation-ccihc.fr\/kedge_2024\/wp-json\/wp\/v2\/pages\/73","targetHints":{"allow":["GET"]}}],"collection":[{"href":"https:\/\/formation-ccihc.fr\/kedge_2024\/wp-json\/wp\/v2\/pages"}],"about":[{"href":"https:\/\/formation-ccihc.fr\/kedge_2024\/wp-json\/wp\/v2\/types\/page"}],"author":[{"embeddable":true,"href":"https:\/\/formation-ccihc.fr\/kedge_2024\/wp-json\/wp\/v2\/users\/1"}],"replies":[{"embeddable":true,"href":"https:\/\/formation-ccihc.fr\/kedge_2024\/wp-json\/wp\/v2\/comments?post=73"}],"version-history":[{"count":51,"href":"https:\/\/formation-ccihc.fr\/kedge_2024\/wp-json\/wp\/v2\/pages\/73\/revisions"}],"predecessor-version":[{"id":3535,"href":"https:\/\/formation-ccihc.fr\/kedge_2024\/wp-json\/wp\/v2\/pages\/73\/revisions\/3535"}],"wp:attachment":[{"href":"https:\/\/formation-ccihc.fr\/kedge_2024\/wp-json\/wp\/v2\/media?parent=73"}],"curies":[{"name":"wp","href":"https:\/\/api.w.org\/{rel}","templated":true}]}}