{"id":4711,"date":"2025-01-08T07:21:56","date_gmt":"2025-01-08T06:21:56","guid":{"rendered":"https:\/\/formation-ccihc.fr\/kedge_2024\/?page_id=4711"},"modified":"2025-10-29T08:35:05","modified_gmt":"2025-10-29T07:35:05","slug":"programme-pre-incubateur","status":"publish","type":"page","link":"https:\/\/formation-ccihc.fr\/kedge_2024\/programme-pre-incubateur\/","title":{"rendered":"Programme Pr\u00e9-incubation"},"content":{"rendered":"\t\t<div data-elementor-type=\"wp-post\" data-elementor-id=\"4711\" class=\"elementor elementor-4711\">\n\t\t\t\t\t\t<section class=\"elementor-section elementor-top-section elementor-element elementor-element-7527e23a elementor-section-height-min-height elementor-section-full_width elementor-section-height-default elementor-section-items-middle elementor-invisible\" data-id=\"7527e23a\" data-element_type=\"section\" id=\"home\" data-settings=\"{&quot;background_background&quot;:&quot;classic&quot;,&quot;animation&quot;:&quot;fadeIn&quot;}\">\n\t\t\t\t\t\t\t<div class=\"elementor-background-overlay\"><\/div>\n\t\t\t\t\t\t\t<div class=\"elementor-container elementor-column-gap-default\">\n\t\t\t\t\t<div class=\"elementor-column elementor-col-100 elementor-top-column elementor-element elementor-element-a6796ee\" data-id=\"a6796ee\" data-element_type=\"column\">\n\t\t\t<div class=\"elementor-widget-wrap elementor-element-populated\">\n\t\t\t\t\t\t<div class=\"elementor-element elementor-element-3056800 elementor-widget__width-inherit elementor-widget-tablet__width-inherit elementor-widget elementor-widget-heading\" data-id=\"3056800\" data-element_type=\"widget\" data-widget_type=\"heading.default\">\n\t\t\t\t<div class=\"elementor-widget-container\">\n\t\t\t\t\t<div class=\"elementor-heading-title elementor-size-default\">PROGRAMME<br>PRE-INCUBATION<\/div>\t\t\t\t<\/div>\n\t\t\t\t<\/div>\n\t\t\t\t\t<\/div>\n\t\t<\/div>\n\t\t\t\t\t<\/div>\n\t\t<\/section>\n\t\t<div class=\"elementor-element elementor-element-579061c e-flex e-con-boxed e-con e-parent\" data-id=\"579061c\" data-element_type=\"container\">\n\t\t\t\t\t<div class=\"e-con-inner\">\n\t\t<div class=\"elementor-element elementor-element-ed156c8 e-con-full e-flex e-con e-child\" data-id=\"ed156c8\" data-element_type=\"container\">\n\t\t\t\t<div class=\"elementor-element elementor-element-79c6f02 elementor-position-left elementor-view-default elementor-mobile-position-top elementor-widget elementor-widget-icon-box\" data-id=\"79c6f02\" data-element_type=\"widget\" data-widget_type=\"icon-box.default\">\n\t\t\t\t<div class=\"elementor-widget-container\">\n\t\t\t\t\t\t\t<div class=\"elementor-icon-box-wrapper\">\n\n\t\t\t\t\t\t<div class=\"elementor-icon-box-icon\">\n\t\t\t\t<span  class=\"elementor-icon\">\n\t\t\t\t<i aria-hidden=\"true\" class=\"fas fa-info-circle\"><\/i>\t\t\t\t<\/span>\n\t\t\t<\/div>\n\t\t\t\n\t\t\t\t\t\t<div class=\"elementor-icon-box-content\">\n\n\t\t\t\t\t\t\t\t\t<h1 class=\"elementor-icon-box-title\">\n\t\t\t\t\t\t<span  >\n\t\t\t\t\t\t\tNOUVELLE SESSION d'incubation\n\u00e0 PORTO-VECCHIO\t\t\t\t\t\t<\/span>\n\t\t\t\t\t<\/h1>\n\t\t\t\t\n\t\t\t\t\t\t\t\t\t<p class=\"elementor-icon-box-description\">\n\t\t\t\t\t\tDu 1,2 et 3 DECEMBRE 2025\t\t\t\t\t<\/p>\n\t\t\t\t\n\t\t\t<\/div>\n\t\t\t\n\t\t<\/div>\n\t\t\t\t\t\t<\/div>\n\t\t\t\t<\/div>\n\t\t\t\t<\/div>\n\t\t\t\t\t<\/div>\n\t\t\t\t<\/div>\n\t\t\t\t<section class=\"elementor-section elementor-top-section elementor-element elementor-element-7bf9d7e elementor-section-content-top elementor-section-boxed elementor-section-height-default elementor-section-height-default\" data-id=\"7bf9d7e\" data-element_type=\"section\">\n\t\t\t\t\t\t<div class=\"elementor-container elementor-column-gap-no\">\n\t\t\t\t\t<div class=\"elementor-column elementor-col-100 elementor-top-column elementor-element elementor-element-8b52596\" data-id=\"8b52596\" data-element_type=\"column\">\n\t\t\t<div class=\"elementor-widget-wrap elementor-element-populated\">\n\t\t\t\t\t\t<section class=\"elementor-section elementor-inner-section elementor-element elementor-element-abdd7cb elementor-section-full_width elementor-section-content-top elementor-section-height-default elementor-section-height-default\" data-id=\"abdd7cb\" data-element_type=\"section\">\n\t\t\t\t\t\t<div class=\"elementor-container elementor-column-gap-default\">\n\t\t\t\t\t<div class=\"elementor-column elementor-col-50 elementor-inner-column elementor-element elementor-element-3ea96e3\" data-id=\"3ea96e3\" data-element_type=\"column\">\n\t\t\t<div class=\"elementor-widget-wrap elementor-element-populated\">\n\t\t\t\t\t\t<div class=\"elementor-element elementor-element-69f92bf elementor-widget__width-inherit elementor-view-default elementor-position-top elementor-mobile-position-top elementor-widget elementor-widget-icon-box\" data-id=\"69f92bf\" data-element_type=\"widget\" data-widget_type=\"icon-box.default\">\n\t\t\t\t<div class=\"elementor-widget-container\">\n\t\t\t\t\t\t\t<div class=\"elementor-icon-box-wrapper\">\n\n\t\t\t\t\t\t<div class=\"elementor-icon-box-icon\">\n\t\t\t\t<span  class=\"elementor-icon\">\n\t\t\t\t<i aria-hidden=\"true\" class=\"far fa-window-minimize\"><\/i>\t\t\t\t<\/span>\n\t\t\t<\/div>\n\t\t\t\n\t\t\t\t\t\t<div class=\"elementor-icon-box-content\">\n\n\t\t\t\t\n\t\t\t\t\t\t\t\t\t<p class=\"elementor-icon-box-description\">\n\t\t\t\t\t\t<br><b> KEDGE Business School Corsica, l\u2019\u00e9cole de commerce de la Chambre de Commerce et d\u2019Industrie de Corse, en partenariat avec la Communaut\u00e9 des Communes du Sud Corse, propose aux porteurs de projet du territoire son programme de \u00ab Pr\u00e9 Incubation \u00bb.<\/b><br><br>\n\nEN QUOI CONSISTE LA PRE INCUBATION ? <br>\n\n<strong>Gratuit et ouvert \u00e0 tous<\/strong> : \u00e9tudiants, salari\u00e9s, demandeurs d\u2019emplois, reconversion pro, etc.<br><br>\n\n<strong>Un territoire : Sud Corse<\/strong> <br>\n\nImplantation du projet ou r\u00e9sidence du porteur  : <strong>7 communes de la Communaut\u00e9 (Lecci, Porto Vecchio, Sotta, Figari, Bonifacio, Monacia D\u2019Aull\u00e8ne, Pianottoli Caldarello)<\/strong><br>\n\n <strong>Un incubateur d\u2019\u00e9cole<\/strong><br>\n\nIntegration d\u2019une<strong> promotion<\/strong> de porteurs de projets.<br>\n\n <strong>Un coaching individue<br>\n\nDes <strong>m\u00e9thodes p\u00e9dagogiques<\/strong> : intelligence collective, cr\u00e9ativit\u00e9, plateforme de ressources et d\u00e9fis en ligne, etc.<br>\n\nUne ouverture <strong>r\u00e9seau<\/strong> : rencontres avec cr\u00e9ateurs d\u2019entreprise.<br><br>\n\n\n<strong>Un Parcours en 6 d\u00e9fis<\/strong><br>\n\nChaque d\u00e9fi correspond \u00e0 un th\u00e8me trait\u00e9 en atelier collectif,<br>\n1-Aligner son Projet et Soi<br><br>\n\nExplorez votre personnalit\u00e9 et vos ambitions pour d\u00e9finir la mission de votre entreprise, puis orientez-la en coh\u00e9rence avec son environnement<br>\n2-Valider le Besoin<br><br>\n\nTransformez votre id\u00e9e en une r\u00e9ponse concr\u00e8te \u00e0 un besoin utilisateur, en ma\u00eetrisant les techniques de recueil et de formulation de valeur<br>\n3-Tester et Valider<br><br>\n\nCr\u00e9ez des prototypes simples et obtenez des retours initiaux pour valider rapidement votre proposition de valeur.<br>\n4-Business Model<br><br>\n\nConcevez un mod\u00e8le \u00e9conomique innovant en exploitant l'intelligence collective et la cr\u00e9ativit\u00e9.<br>\n5-Mix Marketing &amp; Branding<br><br>\n\nConcevez une strat\u00e9gie marketing en d\u00e9finissant une identit\u00e9 de marque forte et cr\u00e9ative avec des \u00e9l\u00e9ments visuels impactants.<br>\n6-Pitch<br><br>\n\nPr\u00e9parez un pitch percutant pour pr\u00e9senter votre projet et attirer partenaires, clients, fournisseurs, et financeurs.\n\n <\/strong>\t\t\t\t\t<\/p>\n\t\t\t\t\n\t\t\t<\/div>\n\t\t\t\n\t\t<\/div>\n\t\t\t\t\t\t<\/div>\n\t\t\t\t<\/div>\n\t\t\t\t<div class=\"elementor-element elementor-element-15ae7e8 elementor-mobile-align-center elementor-widget elementor-widget-button\" data-id=\"15ae7e8\" data-element_type=\"widget\" data-widget_type=\"button.default\">\n\t\t\t\t<div class=\"elementor-widget-container\">\n\t\t\t\t\t\t\t\t\t<div class=\"elementor-button-wrapper\">\n\t\t\t\t\t<a class=\"elementor-button elementor-size-md\" role=\"button\">\n\t\t\t\t\t\t<span class=\"elementor-button-content-wrapper\">\n\t\t\t\t\t\t\t\t\t<span class=\"elementor-button-text\">Pour candidater<\/span>\n\t\t\t\t\t<\/span>\n\t\t\t\t\t<\/a>\n\t\t\t\t<\/div>\n\t\t\t\t\t\t\t\t<\/div>\n\t\t\t\t<\/div>\n\t\t\t\t\t<\/div>\n\t\t<\/div>\n\t\t\t\t<div class=\"elementor-column elementor-col-50 elementor-inner-column elementor-element elementor-element-e065d33\" data-id=\"e065d33\" data-element_type=\"column\">\n\t\t\t<div class=\"elementor-widget-wrap elementor-element-populated\">\n\t\t\t\t\t\t<div class=\"elementor-element elementor-element-cf6b6e3 elementor-position-left elementor-view-default elementor-mobile-position-top elementor-widget elementor-widget-icon-box\" data-id=\"cf6b6e3\" data-element_type=\"widget\" data-widget_type=\"icon-box.default\">\n\t\t\t\t<div class=\"elementor-widget-container\">\n\t\t\t\t\t\t\t<div class=\"elementor-icon-box-wrapper\">\n\n\t\t\t\t\t\t<div class=\"elementor-icon-box-icon\">\n\t\t\t\t<span  class=\"elementor-icon\">\n\t\t\t\t<i aria-hidden=\"true\" class=\"fas fa-key\"><\/i>\t\t\t\t<\/span>\n\t\t\t<\/div>\n\t\t\t\n\t\t\t\t\t\t<div class=\"elementor-icon-box-content\">\n\n\t\t\t\t\t\t\t\t\t<h3 class=\"elementor-icon-box-title\">\n\t\t\t\t\t\t<span  >\n\t\t\t\t\t\t\tAcc\u00e8s\t\t\t\t\t\t<\/span>\n\t\t\t\t\t<\/h3>\n\t\t\t\t\n\t\t\t\t\t\t\t\t\t<p class=\"elementor-icon-box-description\">\n\t\t\t\t\t\t- D\u00e9but de l\u2019appel \u00e0 candidature : 10\/1O\/2025<br>\n- Cl\u00f4ture des candidatures : 17\/11\/2025\t\t\t\t\t<\/p>\n\t\t\t\t\n\t\t\t<\/div>\n\t\t\t\n\t\t<\/div>\n\t\t\t\t\t\t<\/div>\n\t\t\t\t<\/div>\n\t\t\t\t<div class=\"elementor-element elementor-element-0be305e elementor-widget-divider--view-line elementor-widget elementor-widget-divider\" data-id=\"0be305e\" data-element_type=\"widget\" data-widget_type=\"divider.default\">\n\t\t\t\t<div class=\"elementor-widget-container\">\n\t\t\t\t\t\t\t<div class=\"elementor-divider\">\n\t\t\t<span class=\"elementor-divider-separator\">\n\t\t\t\t\t\t<\/span>\n\t\t<\/div>\n\t\t\t\t\t\t<\/div>\n\t\t\t\t<\/div>\n\t\t\t\t<div class=\"elementor-element elementor-element-df784c3 elementor-position-left elementor-view-default elementor-mobile-position-top elementor-widget elementor-widget-icon-box\" data-id=\"df784c3\" data-element_type=\"widget\" data-widget_type=\"icon-box.default\">\n\t\t\t\t<div class=\"elementor-widget-container\">\n\t\t\t\t\t\t\t<div class=\"elementor-icon-box-wrapper\">\n\n\t\t\t\t\t\t<div class=\"elementor-icon-box-icon\">\n\t\t\t\t<span  class=\"elementor-icon\">\n\t\t\t\t<i aria-hidden=\"true\" class=\"fas fa-map-marker-alt\"><\/i>\t\t\t\t<\/span>\n\t\t\t<\/div>\n\t\t\t\n\t\t\t\t\t\t<div class=\"elementor-icon-box-content\">\n\n\t\t\t\t\t\t\t\t\t<h3 class=\"elementor-icon-box-title\">\n\t\t\t\t\t\t<span  >\n\t\t\t\t\t\t\tLocalisation\t\t\t\t\t\t<\/span>\n\t\t\t\t\t<\/h3>\n\t\t\t\t\n\t\t\t\t\t\t\t\t\t<p class=\"elementor-icon-box-description\">\n\t\t\t\t\t\tPorto-Vecchio\t\t\t\t\t<\/p>\n\t\t\t\t\n\t\t\t<\/div>\n\t\t\t\n\t\t<\/div>\n\t\t\t\t\t\t<\/div>\n\t\t\t\t<\/div>\n\t\t\t\t<div class=\"elementor-element elementor-element-0153e8f elementor-widget-divider--view-line elementor-widget elementor-widget-divider\" data-id=\"0153e8f\" data-element_type=\"widget\" data-widget_type=\"divider.default\">\n\t\t\t\t<div class=\"elementor-widget-container\">\n\t\t\t\t\t\t\t<div class=\"elementor-divider\">\n\t\t\t<span class=\"elementor-divider-separator\">\n\t\t\t\t\t\t<\/span>\n\t\t<\/div>\n\t\t\t\t\t\t<\/div>\n\t\t\t\t<\/div>\n\t\t\t\t<div class=\"elementor-element elementor-element-7496ae6 elementor-position-left elementor-view-default elementor-mobile-position-top elementor-widget elementor-widget-icon-box\" data-id=\"7496ae6\" data-element_type=\"widget\" data-widget_type=\"icon-box.default\">\n\t\t\t\t<div class=\"elementor-widget-container\">\n\t\t\t\t\t\t\t<div class=\"elementor-icon-box-wrapper\">\n\n\t\t\t\t\t\t<div class=\"elementor-icon-box-icon\">\n\t\t\t\t<span  class=\"elementor-icon\">\n\t\t\t\t<i aria-hidden=\"true\" class=\"far fa-calendar-alt\"><\/i>\t\t\t\t<\/span>\n\t\t\t<\/div>\n\t\t\t\n\t\t\t\t\t\t<div class=\"elementor-icon-box-content\">\n\n\t\t\t\t\t\t\t\t\t<h3 class=\"elementor-icon-box-title\">\n\t\t\t\t\t\t<span  >\n\t\t\t\t\t\t\tDur\u00e9e\t\t\t\t\t\t<\/span>\n\t\t\t\t\t<\/h3>\n\t\t\t\t\n\t\t\t\t\t\t\t\t\t<p class=\"elementor-icon-box-description\">\n\t\t\t\t\t\t3 jours\t\t\t\t\t<\/p>\n\t\t\t\t\n\t\t\t<\/div>\n\t\t\t\n\t\t<\/div>\n\t\t\t\t\t\t<\/div>\n\t\t\t\t<\/div>\n\t\t\t\t<div class=\"elementor-element elementor-element-a74cc37 elementor-widget-divider--view-line elementor-widget elementor-widget-divider\" data-id=\"a74cc37\" data-element_type=\"widget\" data-widget_type=\"divider.default\">\n\t\t\t\t<div class=\"elementor-widget-container\">\n\t\t\t\t\t\t\t<div class=\"elementor-divider\">\n\t\t\t<span class=\"elementor-divider-separator\">\n\t\t\t\t\t\t<\/span>\n\t\t<\/div>\n\t\t\t\t\t\t<\/div>\n\t\t\t\t<\/div>\n\t\t\t\t<div class=\"elementor-element elementor-element-6d314a3 elementor-position-left elementor-view-default elementor-mobile-position-top elementor-widget elementor-widget-icon-box\" data-id=\"6d314a3\" data-element_type=\"widget\" data-widget_type=\"icon-box.default\">\n\t\t\t\t<div class=\"elementor-widget-container\">\n\t\t\t\t\t\t\t<div class=\"elementor-icon-box-wrapper\">\n\n\t\t\t\t\t\t<div class=\"elementor-icon-box-icon\">\n\t\t\t\t<span  class=\"elementor-icon\">\n\t\t\t\t<i aria-hidden=\"true\" class=\"far fa-calendar-alt\"><\/i>\t\t\t\t<\/span>\n\t\t\t<\/div>\n\t\t\t\n\t\t\t\t\t\t<div class=\"elementor-icon-box-content\">\n\n\t\t\t\t\t\t\t\t\t<h3 class=\"elementor-icon-box-title\">\n\t\t\t\t\t\t<span  >\n\t\t\t\t\t\t\tRentr\u00e9e\t\t\t\t\t\t<\/span>\n\t\t\t\t\t<\/h3>\n\t\t\t\t\n\t\t\t\t\t\t\t\t\t<p class=\"elementor-icon-box-description\">\n\t\t\t\t\t\t01 DECEMBRE 2025\t\t\t\t\t<\/p>\n\t\t\t\t\n\t\t\t<\/div>\n\t\t\t\n\t\t<\/div>\n\t\t\t\t\t\t<\/div>\n\t\t\t\t<\/div>\n\t\t\t\t<div class=\"elementor-element elementor-element-c6090ae elementor-widget-divider--view-line elementor-widget elementor-widget-divider\" data-id=\"c6090ae\" data-element_type=\"widget\" data-widget_type=\"divider.default\">\n\t\t\t\t<div class=\"elementor-widget-container\">\n\t\t\t\t\t\t\t<div class=\"elementor-divider\">\n\t\t\t<span class=\"elementor-divider-separator\">\n\t\t\t\t\t\t<\/span>\n\t\t<\/div>\n\t\t\t\t\t\t<\/div>\n\t\t\t\t<\/div>\n\t\t\t\t\t<\/div>\n\t\t<\/div>\n\t\t\t\t\t<\/div>\n\t\t<\/section>\n\t\t\t\t\t<\/div>\n\t\t<\/div>\n\t\t\t\t\t<\/div>\n\t\t<\/section>\n\t\t\t\t<section class=\"elementor-section elementor-top-section elementor-element elementor-element-29d27e62 elementor-section-content-top elementor-section-boxed elementor-section-height-default elementor-section-height-default\" data-id=\"29d27e62\" data-element_type=\"section\" id=\"services\">\n\t\t\t\t\t\t<div class=\"elementor-container elementor-column-gap-default\">\n\t\t\t\t\t<div class=\"elementor-column elementor-col-100 elementor-top-column elementor-element elementor-element-4275acad\" data-id=\"4275acad\" data-element_type=\"column\">\n\t\t\t<div class=\"elementor-widget-wrap elementor-element-populated\">\n\t\t\t\t\t\t<div class=\"elementor-element elementor-element-29c7e6e elementor-widget elementor-widget-text-editor\" data-id=\"29c7e6e\" data-element_type=\"widget\" data-widget_type=\"text-editor.default\">\n\t\t\t\t<div class=\"elementor-widget-container\">\n\t\t\t\t\t\t\t\t\t<p>Les dossiers de candidature doivent \u00eatre d\u00e9pos\u00e9s par mail \u00e0 : <br \/><span style=\"text-decoration: underline;\">kedge@cci.corsica<\/span> <strong>au plus tard le 17 Novembre 2025<\/strong><\/p><p>Un entretien (visio ou pr\u00e9sentiel) doit \u00eatre organis\u00e9 entre le porteur du projet et KEDGE Corsica<\/p>\t\t\t\t\t\t\t\t<\/div>\n\t\t\t\t<\/div>\n\t\t\t\t<div class=\"elementor-element elementor-element-a159500 elementor-button-info elementor-align-center elementor-widget elementor-widget-button\" data-id=\"a159500\" data-element_type=\"widget\" data-widget_type=\"button.default\">\n\t\t\t\t<div class=\"elementor-widget-container\">\n\t\t\t\t\t\t\t\t\t<div class=\"elementor-button-wrapper\">\n\t\t\t\t\t<a class=\"elementor-button elementor-button-link elementor-size-sm\" href=\"https:\/\/formation-ccihc.fr\/kedge_2024\/wp-content\/uploads\/2025\/10\/dossier-candidature-pre-incubateur-porto-vecchio-2025.docx\" target=\"_blank\">\n\t\t\t\t\t\t<span class=\"elementor-button-content-wrapper\">\n\t\t\t\t\t\t<span class=\"elementor-button-icon\">\n\t\t\t\t<i aria-hidden=\"true\" class=\"fas fa-upload\"><\/i>\t\t\t<\/span>\n\t\t\t\t\t\t\t\t\t<span class=\"elementor-button-text\">T\u00e9l\u00e9chargement du dossier<\/span>\n\t\t\t\t\t<\/span>\n\t\t\t\t\t<\/a>\n\t\t\t\t<\/div>\n\t\t\t\t\t\t\t\t<\/div>\n\t\t\t\t<\/div>\n\t\t\t\t\t<\/div>\n\t\t<\/div>\n\t\t\t\t\t<\/div>\n\t\t<\/section>\n\t\t<div class=\"elementor-element elementor-element-bd3fc80 e-flex e-con-boxed e-con e-parent\" data-id=\"bd3fc80\" data-element_type=\"container\">\n\t\t\t\t\t<div class=\"e-con-inner\">\n\t\t<div class=\"elementor-element elementor-element-0a48780 e-con-full e-flex e-con e-child\" data-id=\"0a48780\" data-element_type=\"container\">\n\t\t\t\t<div class=\"elementor-element elementor-element-af7def6 elementor-widget elementor-widget-image\" data-id=\"af7def6\" data-element_type=\"widget\" data-widget_type=\"image.default\">\n\t\t\t\t<div class=\"elementor-widget-container\">\n\t\t\t\t\t\t\t\t\t\t\t\t\t\t\t<img decoding=\"async\" width=\"300\" height=\"77\" src=\"https:\/\/formation-ccihc.fr\/kedge_2024\/wp-content\/uploads\/2024\/11\/KEDGE-Corsica-bleu-celeste-petit-300x77.png\" class=\"attachment-medium size-medium wp-image-4468\" alt=\"\" srcset=\"https:\/\/formation-ccihc.fr\/kedge_2024\/wp-content\/uploads\/2024\/11\/KEDGE-Corsica-bleu-celeste-petit-300x77.png 300w, https:\/\/formation-ccihc.fr\/kedge_2024\/wp-content\/uploads\/2024\/11\/KEDGE-Corsica-bleu-celeste-petit.png 591w\" sizes=\"(max-width: 300px) 100vw, 300px\" \/>\t\t\t\t\t\t\t\t\t\t\t\t\t\t\t<\/div>\n\t\t\t\t<\/div>\n\t\t\t\t<\/div>\n\t\t<div class=\"elementor-element elementor-element-69a525b e-con-full e-flex e-con e-child\" data-id=\"69a525b\" data-element_type=\"container\">\n\t\t\t\t<div class=\"elementor-element elementor-element-99dd057 elementor-widget elementor-widget-image\" data-id=\"99dd057\" data-element_type=\"widget\" data-widget_type=\"image.default\">\n\t\t\t\t<div class=\"elementor-widget-container\">\n\t\t\t\t\t\t\t\t\t\t\t\t\t\t\t<img decoding=\"async\" width=\"300\" height=\"85\" src=\"https:\/\/formation-ccihc.fr\/kedge_2024\/wp-content\/uploads\/2025\/01\/logo-Communaute-des-Communes-Sud-Corse-300x85.png\" class=\"attachment-medium size-medium wp-image-4744\" alt=\"\" srcset=\"https:\/\/formation-ccihc.fr\/kedge_2024\/wp-content\/uploads\/2025\/01\/logo-Communaute-des-Communes-Sud-Corse-300x85.png 300w, https:\/\/formation-ccihc.fr\/kedge_2024\/wp-content\/uploads\/2025\/01\/logo-Communaute-des-Communes-Sud-Corse.png 421w\" sizes=\"(max-width: 300px) 100vw, 300px\" \/>\t\t\t\t\t\t\t\t\t\t\t\t\t\t\t<\/div>\n\t\t\t\t<\/div>\n\t\t\t\t<\/div>\n\t\t\t\t\t<\/div>\n\t\t\t\t<\/div>\n\t\t\t\t<\/div>\n\t\t","protected":false},"excerpt":{"rendered":"<p>PROGRAMMEPRE-INCUBATION NOUVELLE SESSION d&rsquo;incubation \u00e0 PORTO-VECCHIO Du 1,2 et 3 DECEMBRE 2025 KEDGE Business School Corsica, l\u2019\u00e9cole de commerce de la Chambre de Commerce et d\u2019Industrie de Corse, en partenariat avec la Communaut\u00e9 des Communes du Sud Corse, propose aux porteurs de projet du territoire son programme de \u00ab Pr\u00e9 Incubation \u00bb. EN QUOI CONSISTE&hellip;<\/p>\n","protected":false},"author":1,"featured_media":0,"parent":0,"menu_order":0,"comment_status":"closed","ping_status":"closed","template":"","meta":{"footnotes":""},"class_list":["post-4711","page","type-page","status-publish","hentry"],"_links":{"self":[{"href":"https:\/\/formation-ccihc.fr\/kedge_2024\/wp-json\/wp\/v2\/pages\/4711","targetHints":{"allow":["GET"]}}],"collection":[{"href":"https:\/\/formation-ccihc.fr\/kedge_2024\/wp-json\/wp\/v2\/pages"}],"about":[{"href":"https:\/\/formation-ccihc.fr\/kedge_2024\/wp-json\/wp\/v2\/types\/page"}],"author":[{"embeddable":true,"href":"https:\/\/formation-ccihc.fr\/kedge_2024\/wp-json\/wp\/v2\/users\/1"}],"replies":[{"embeddable":true,"href":"https:\/\/formation-ccihc.fr\/kedge_2024\/wp-json\/wp\/v2\/comments?post=4711"}],"version-history":[{"count":83,"href":"https:\/\/formation-ccihc.fr\/kedge_2024\/wp-json\/wp\/v2\/pages\/4711\/revisions"}],"predecessor-version":[{"id":4855,"href":"https:\/\/formation-ccihc.fr\/kedge_2024\/wp-json\/wp\/v2\/pages\/4711\/revisions\/4855"}],"wp:attachment":[{"href":"https:\/\/formation-ccihc.fr\/kedge_2024\/wp-json\/wp\/v2\/media?parent=4711"}],"curies":[{"name":"wp","href":"https:\/\/api.w.org\/{rel}","templated":true}]}}