{"id":3907,"date":"2024-03-06T10:33:18","date_gmt":"2024-03-06T09:33:18","guid":{"rendered":"https:\/\/formation-ccihc.fr\/kedge_2024\/?page_id=3907"},"modified":"2025-05-05T14:01:03","modified_gmt":"2025-05-05T12:01:03","slug":"handicap_friendly","status":"publish","type":"page","link":"https:\/\/formation-ccihc.fr\/kedge_2024\/handicap_friendly\/","title":{"rendered":"Handicap Friendly"},"content":{"rendered":"\t\t<div data-elementor-type=\"wp-post\" data-elementor-id=\"3907\" class=\"elementor elementor-3907\">\n\t\t\t\t\t\t<section class=\"elementor-section elementor-top-section elementor-element elementor-element-7527e23a elementor-section-full_width elementor-section-height-default elementor-section-height-default elementor-invisible\" data-id=\"7527e23a\" data-element_type=\"section\" id=\"home\" data-settings=\"{&quot;background_background&quot;:&quot;classic&quot;,&quot;shape_divider_bottom&quot;:&quot;triangle&quot;,&quot;animation&quot;:&quot;fadeIn&quot;}\">\n\t\t\t\t\t\t\t<div class=\"elementor-background-overlay\"><\/div>\n\t\t\t\t\t\t<div class=\"elementor-shape elementor-shape-bottom\" aria-hidden=\"true\" data-negative=\"false\">\n\t\t\t<svg xmlns=\"http:\/\/www.w3.org\/2000\/svg\" viewBox=\"0 0 1000 100\" preserveAspectRatio=\"none\">\n\t<path class=\"elementor-shape-fill\" d=\"M500,98.9L0,6.1V0h1000v6.1L500,98.9z\"\/>\n<\/svg>\t\t<\/div>\n\t\t\t\t\t<div class=\"elementor-container elementor-column-gap-default\">\n\t\t\t\t\t<div class=\"elementor-column elementor-col-100 elementor-top-column elementor-element elementor-element-46e3c576\" data-id=\"46e3c576\" data-element_type=\"column\">\n\t\t\t<div class=\"elementor-widget-wrap elementor-element-populated\">\n\t\t\t\t<div class=\"elementor-element elementor-element-f2e4ceb e-flex e-con-boxed e-con e-parent\" data-id=\"f2e4ceb\" data-element_type=\"container\">\n\t\t\t\t\t<div class=\"e-con-inner\">\n\t\t\t\t<div class=\"elementor-element elementor-element-caea616 elementor-widget elementor-widget-image\" data-id=\"caea616\" data-element_type=\"widget\" data-widget_type=\"image.default\">\n\t\t\t\t<div class=\"elementor-widget-container\">\n\t\t\t\t\t\t\t\t\t\t\t\t\t\t\t<img decoding=\"async\" width=\"300\" height=\"134\" src=\"https:\/\/formation-ccihc.fr\/kedge_2024\/wp-content\/uploads\/2024\/07\/Logo-CCIC-Formation-2024-bis-300x134.png\" class=\"attachment-medium size-medium wp-image-4435\" alt=\"\" srcset=\"https:\/\/formation-ccihc.fr\/kedge_2024\/wp-content\/uploads\/2024\/07\/Logo-CCIC-Formation-2024-bis-300x134.png 300w, https:\/\/formation-ccihc.fr\/kedge_2024\/wp-content\/uploads\/2024\/07\/Logo-CCIC-Formation-2024-bis.png 567w\" sizes=\"(max-width: 300px) 100vw, 300px\" \/>\t\t\t\t\t\t\t\t\t\t\t\t\t\t\t<\/div>\n\t\t\t\t<\/div>\n\t\t\t\t<div class=\"elementor-element elementor-element-9d7068b text-center elementor-widget__width-inherit elementor-widget elementor-widget-advanced-text-block\" data-id=\"9d7068b\" data-element_type=\"widget\" data-widget_type=\"advanced-text-block.default\">\n\t\t\t\t<div class=\"elementor-widget-container\">\n\t\t\t\t\t<div class=\"futurio_extra_adv_text_block animate-general\"  data-animate-type=\"transition.fadeIn\" data-animate-delay=\"50\"><h2 class=\"text-content-block\"><p style=\"text-align: center\">se mobilise pour le handicap<\/p><\/div><\/h2>\t\t\t\t<\/div>\n\t\t\t\t<\/div>\n\t\t\t\t<div class=\"elementor-element elementor-element-5dfebb2 elementor-widget__width-initial elementor-widget elementor-widget-image\" data-id=\"5dfebb2\" data-element_type=\"widget\" data-widget_type=\"image.default\">\n\t\t\t\t<div class=\"elementor-widget-container\">\n\t\t\t\t\t\t\t\t\t\t\t\t\t\t\t<img fetchpriority=\"high\" decoding=\"async\" width=\"923\" height=\"503\" src=\"https:\/\/formation-ccihc.fr\/kedge_2024\/wp-content\/uploads\/2024\/03\/logo_cci_Handicap_Friendly-1-1024x558.png\" class=\"attachment-large size-large wp-image-4053\" alt=\"\" srcset=\"https:\/\/formation-ccihc.fr\/kedge_2024\/wp-content\/uploads\/2024\/03\/logo_cci_Handicap_Friendly-1-1024x558.png 1024w, https:\/\/formation-ccihc.fr\/kedge_2024\/wp-content\/uploads\/2024\/03\/logo_cci_Handicap_Friendly-1-300x164.png 300w, https:\/\/formation-ccihc.fr\/kedge_2024\/wp-content\/uploads\/2024\/03\/logo_cci_Handicap_Friendly-1-768x419.png 768w, https:\/\/formation-ccihc.fr\/kedge_2024\/wp-content\/uploads\/2024\/03\/logo_cci_Handicap_Friendly-1-1536x837.png 1536w, https:\/\/formation-ccihc.fr\/kedge_2024\/wp-content\/uploads\/2024\/03\/logo_cci_Handicap_Friendly-1.png 1596w\" sizes=\"(max-width: 923px) 100vw, 923px\" \/>\t\t\t\t\t\t\t\t\t\t\t\t\t\t\t<\/div>\n\t\t\t\t<\/div>\n\t\t\t\t<div class=\"elementor-element elementor-element-5d9e6cb elementor-widget elementor-widget-heading\" data-id=\"5d9e6cb\" data-element_type=\"widget\" data-widget_type=\"heading.default\">\n\t\t\t\t<div class=\"elementor-widget-container\">\n\t\t\t\t\t<h2 class=\"elementor-heading-title elementor-size-default\">\" HANDICAP FRENDLY \"<\/h2>\t\t\t\t<\/div>\n\t\t\t\t<\/div>\n\t\t\t\t<div class=\"elementor-element elementor-element-f3196f6 elementor-widget__width-initial elementor-widget elementor-widget-heading\" data-id=\"f3196f6\" data-element_type=\"widget\" data-widget_type=\"heading.default\">\n\t\t\t\t<div class=\"elementor-widget-container\">\n\t\t\t\t\t<h2 class=\"elementor-heading-title elementor-size-default\">Ici nous accueillons<\/h2>\t\t\t\t<\/div>\n\t\t\t\t<\/div>\n\t\t\t\t<div class=\"elementor-element elementor-element-c51a33b elementor-widget__width-initial elementor-widget elementor-widget-heading\" data-id=\"c51a33b\" data-element_type=\"widget\" data-widget_type=\"heading.default\">\n\t\t\t\t<div class=\"elementor-widget-container\">\n\t\t\t\t\t<h2 class=\"elementor-heading-title elementor-size-default\">les diff\u00e9rences<\/h2>\t\t\t\t<\/div>\n\t\t\t\t<\/div>\n\t\t\t\t\t<\/div>\n\t\t\t\t<\/div>\n\t\t\t\t\t<\/div>\n\t\t<\/div>\n\t\t\t\t\t<\/div>\n\t\t<\/section>\n\t\t\t\t<section class=\"elementor-section elementor-top-section elementor-element elementor-element-29d27e62 elementor-section-boxed elementor-section-height-default elementor-section-height-default\" data-id=\"29d27e62\" data-element_type=\"section\" id=\"services\">\n\t\t\t\t\t\t<div class=\"elementor-container elementor-column-gap-default\">\n\t\t\t\t\t<div class=\"elementor-column elementor-col-100 elementor-top-column elementor-element elementor-element-4275acad\" data-id=\"4275acad\" data-element_type=\"column\">\n\t\t\t<div class=\"elementor-widget-wrap elementor-element-populated\">\n\t\t\t\t\t\t<section class=\"elementor-section elementor-inner-section elementor-element elementor-element-4305c928 elementor-section-full_width elementor-section-height-default elementor-section-height-default\" data-id=\"4305c928\" data-element_type=\"section\" id=\"start\">\n\t\t\t\t\t\t<div class=\"elementor-container elementor-column-gap-extended\">\n\t\t\t\t\t<div class=\"elementor-column elementor-col-25 elementor-inner-column elementor-element elementor-element-53d19cfd\" data-id=\"53d19cfd\" data-element_type=\"column\">\n\t\t\t<div class=\"elementor-widget-wrap elementor-element-populated\">\n\t\t\t\t\t\t<div class=\"elementor-element elementor-element-178eb9da elementor-view-stacked elementor-shape-circle elementor-position-top elementor-mobile-position-top elementor-widget elementor-widget-icon-box\" data-id=\"178eb9da\" data-element_type=\"widget\" data-widget_type=\"icon-box.default\">\n\t\t\t\t<div class=\"elementor-widget-container\">\n\t\t\t\t\t\t\t<div class=\"elementor-icon-box-wrapper\">\n\n\t\t\t\t\t\t<div class=\"elementor-icon-box-icon\">\n\t\t\t\t<span  class=\"elementor-icon elementor-animation-grow-rotate\">\n\t\t\t\t<i aria-hidden=\"true\" class=\"fas fa-handshake\"><\/i>\t\t\t\t<\/span>\n\t\t\t<\/div>\n\t\t\t\n\t\t\t\t\t\t<div class=\"elementor-icon-box-content\">\n\n\t\t\t\t\t\t\t\t\t<h3 class=\"elementor-icon-box-title\">\n\t\t\t\t\t\t<span  >\n\t\t\t\t\t\t\tVOUS ACCOMPAGNER\t\t\t\t\t\t<\/span>\n\t\t\t\t\t<\/h3>\n\t\t\t\t\n\t\t\t\t\t\t\t\t\t<p class=\"elementor-icon-box-description\">\n\t\t\t\t\t\t- Un r\u00e9f\u00e9rent Handicap pour vous accueillir et vous accompagner\n\t\t\t\t\t<\/p>\n\t\t\t\t\n\t\t\t<\/div>\n\t\t\t\n\t\t<\/div>\n\t\t\t\t\t\t<\/div>\n\t\t\t\t<\/div>\n\t\t\t\t\t<\/div>\n\t\t<\/div>\n\t\t\t\t<div class=\"elementor-column elementor-col-25 elementor-inner-column elementor-element elementor-element-3b9fdc7\" data-id=\"3b9fdc7\" data-element_type=\"column\">\n\t\t\t<div class=\"elementor-widget-wrap elementor-element-populated\">\n\t\t\t\t\t\t<div class=\"elementor-element elementor-element-5c9d293 elementor-view-stacked elementor-shape-circle elementor-position-top elementor-mobile-position-top elementor-widget elementor-widget-icon-box\" data-id=\"5c9d293\" data-element_type=\"widget\" data-widget_type=\"icon-box.default\">\n\t\t\t\t<div class=\"elementor-widget-container\">\n\t\t\t\t\t\t\t<div class=\"elementor-icon-box-wrapper\">\n\n\t\t\t\t\t\t<div class=\"elementor-icon-box-icon\">\n\t\t\t\t<span  class=\"elementor-icon elementor-animation-grow-rotate\">\n\t\t\t\t<i aria-hidden=\"true\" class=\"fas fa-book-reader\"><\/i>\t\t\t\t<\/span>\n\t\t\t<\/div>\n\t\t\t\n\t\t\t\t\t\t<div class=\"elementor-icon-box-content\">\n\n\t\t\t\t\t\t\t\t\t<h3 class=\"elementor-icon-box-title\">\n\t\t\t\t\t\t<span  >\n\t\t\t\t\t\t\tADAPTABILITE\t\t\t\t\t\t<\/span>\n\t\t\t\t\t<\/h3>\n\t\t\t\t\n\t\t\t\t\t\t\t\t\t<p class=\"elementor-icon-box-description\">\n\t\t\t\t\t\t- Collaborateurs, \u00e9quipes p\u00e9dagogiques sp\u00e9cialement form\u00e9s et \n  sensibilis\u00e9s \u00e0 l\u2019accueil de personnes ayant un handicap\t\t\t\t\t<\/p>\n\t\t\t\t\n\t\t\t<\/div>\n\t\t\t\n\t\t<\/div>\n\t\t\t\t\t\t<\/div>\n\t\t\t\t<\/div>\n\t\t\t\t\t<\/div>\n\t\t<\/div>\n\t\t\t\t<div class=\"elementor-column elementor-col-25 elementor-inner-column elementor-element elementor-element-37baa608\" data-id=\"37baa608\" data-element_type=\"column\">\n\t\t\t<div class=\"elementor-widget-wrap elementor-element-populated\">\n\t\t\t\t\t\t<div class=\"elementor-element elementor-element-34337c6e elementor-view-stacked elementor-shape-circle elementor-position-top elementor-mobile-position-top elementor-widget elementor-widget-icon-box\" data-id=\"34337c6e\" data-element_type=\"widget\" data-widget_type=\"icon-box.default\">\n\t\t\t\t<div class=\"elementor-widget-container\">\n\t\t\t\t\t\t\t<div class=\"elementor-icon-box-wrapper\">\n\n\t\t\t\t\t\t<div class=\"elementor-icon-box-icon\">\n\t\t\t\t<a href=\"https:\/\/formation-ccihc.fr\/ecm_corsica\/ecmc.php\" target=\"_blank\" class=\"elementor-icon elementor-animation-grow-rotate\" tabindex=\"-1\" aria-label=\"SUIVI FORMATION\">\n\t\t\t\t<i aria-hidden=\"true\" class=\"fas fa-people-arrows\"><\/i>\t\t\t\t<\/a>\n\t\t\t<\/div>\n\t\t\t\n\t\t\t\t\t\t<div class=\"elementor-icon-box-content\">\n\n\t\t\t\t\t\t\t\t\t<h3 class=\"elementor-icon-box-title\">\n\t\t\t\t\t\t<a href=\"https:\/\/formation-ccihc.fr\/ecm_corsica\/ecmc.php\" target=\"_blank\" >\n\t\t\t\t\t\t\tSUIVI FORMATION\t\t\t\t\t\t<\/a>\n\t\t\t\t\t<\/h3>\n\t\t\t\t\n\t\t\t\t\t\t\t\t\t<p class=\"elementor-icon-box-description\">\n\t\t\t\t\t\t-  Am\u00e9nagement, accompagnement, des modalit\u00e9s d\u2019\u00e9valuation lors des phases d\u2019examen<br><br>\n\n- Catalogues des formations\t\t\t\t\t<\/p>\n\t\t\t\t\n\t\t\t<\/div>\n\t\t\t\n\t\t<\/div>\n\t\t\t\t\t\t<\/div>\n\t\t\t\t<\/div>\n\t\t\t\t\t<\/div>\n\t\t<\/div>\n\t\t\t\t<div class=\"elementor-column elementor-col-25 elementor-inner-column elementor-element elementor-element-3968b6ab\" data-id=\"3968b6ab\" data-element_type=\"column\">\n\t\t\t<div class=\"elementor-widget-wrap elementor-element-populated\">\n\t\t\t\t\t\t<div class=\"elementor-element elementor-element-32dd7d49 elementor-view-stacked elementor-shape-circle elementor-position-top elementor-mobile-position-top elementor-widget elementor-widget-icon-box\" data-id=\"32dd7d49\" data-element_type=\"widget\" data-widget_type=\"icon-box.default\">\n\t\t\t\t<div class=\"elementor-widget-container\">\n\t\t\t\t\t\t\t<div class=\"elementor-icon-box-wrapper\">\n\n\t\t\t\t\t\t<div class=\"elementor-icon-box-icon\">\n\t\t\t\t<span  class=\"elementor-icon elementor-animation-grow-rotate\">\n\t\t\t\t<i aria-hidden=\"true\" class=\"fas fa-diagnoses\"><\/i>\t\t\t\t<\/span>\n\t\t\t<\/div>\n\t\t\t\n\t\t\t\t\t\t<div class=\"elementor-icon-box-content\">\n\n\t\t\t\t\t\t\t\t\t<h3 class=\"elementor-icon-box-title\">\n\t\t\t\t\t\t<span  >\n\t\t\t\t\t\t\tAMENAGEMENTS\t\t\t\t\t\t<\/span>\n\t\t\t\t\t<\/h3>\n\t\t\t\t\n\t\t\t\t\t\t\t\t\t<p class=\"elementor-icon-box-description\">\n\t\t\t\t\t\t- Am\u00e9nagements sp\u00e9cifiques des salles pour compenser votre handicap\t\t\t\t\t<\/p>\n\t\t\t\t\n\t\t\t<\/div>\n\t\t\t\n\t\t<\/div>\n\t\t\t\t\t\t<\/div>\n\t\t\t\t<\/div>\n\t\t\t\t\t<\/div>\n\t\t<\/div>\n\t\t\t\t\t<\/div>\n\t\t<\/section>\n\t\t\t\t\t<\/div>\n\t\t<\/div>\n\t\t\t\t\t<\/div>\n\t\t<\/section>\n\t\t<div class=\"elementor-element elementor-element-ed95bc7 e-flex e-con-boxed e-con e-parent\" data-id=\"ed95bc7\" data-element_type=\"container\">\n\t\t\t\t\t<div class=\"e-con-inner\">\n\t\t\t\t\t<\/div>\n\t\t\t\t<\/div>\n\t\t<div class=\"elementor-element elementor-element-d7bf468 e-flex e-con-boxed e-con e-parent\" data-id=\"d7bf468\" data-element_type=\"container\">\n\t\t\t\t\t<div class=\"e-con-inner\">\n\t\t<div class=\"elementor-element elementor-element-b805341 e-con-full e-flex e-con e-child\" data-id=\"b805341\" data-element_type=\"container\">\n\t\t\t\t<div class=\"elementor-element elementor-element-7fb933a elementor-widget-divider--view-line elementor-widget elementor-widget-divider\" data-id=\"7fb933a\" data-element_type=\"widget\" data-widget_type=\"divider.default\">\n\t\t\t\t<div class=\"elementor-widget-container\">\n\t\t\t\t\t\t\t<div class=\"elementor-divider\">\n\t\t\t<span class=\"elementor-divider-separator\">\n\t\t\t\t\t\t<\/span>\n\t\t<\/div>\n\t\t\t\t\t\t<\/div>\n\t\t\t\t<\/div>\n\t\t\t\t<div class=\"elementor-element elementor-element-a3dab17 elementor-widget elementor-widget-text-editor\" data-id=\"a3dab17\" data-element_type=\"widget\" data-widget_type=\"text-editor.default\">\n\t\t\t\t<div class=\"elementor-widget-container\">\n\t\t\t\t\t\t\t\t\t<p>Depuis de tr\u00e8s nombreuses ann\u00e9es, <strong>CCI Formation Corsica<\/strong>\u00a0accompagne les personnes en situation de handicap dans l\u2019apprentissage et leur propose une\u00a0<u>adaptation de leur parcours de formation<\/u>\u00a0d\u00e8s leur demande d\u2019inscription jusqu\u2019\u00e0 l\u2019obtention de leur dipl\u00f4me.<\/p><p><strong>Notre r\u00e9f\u00e9rent handicap<\/strong>\u00a0a pour mission de\u00a0<strong>favoriser l\u2019acc\u00e8s\u00a0\u00e0 nos formations\u00a0<\/strong>aux publics en situation de handicap b\u00e9n\u00e9ficiaires de la RQTH. Il est l\u2019interlocuteur pour les informer sur les dispositifs d\u2019accompagnement et les aider dans leurs d\u00e9marches aupr\u00e8s des MPDH.<\/p><p>Il d\u00e9finit ensuite avec le futur apprenti et les \u00e9quipes de formation les am\u00e9nagements n\u00e9cessaires pour suivre la formation. Dans un entretien d\u2019\u00e9valuation, le r\u00e9f\u00e9rent r\u00e9dige un Plan d\u2019accompagnement individualis\u00e9 (PAI), d\u00e9finit les modalit\u00e9s de mise en \u0153uvre et communique les pr\u00e9conisations \u00e0 l\u2019employeur.\u00a0<\/p>\t\t\t\t\t\t\t\t<\/div>\n\t\t\t\t<\/div>\n\t\t\t\t<\/div>\n\t\t<div class=\"elementor-element elementor-element-b5f419b e-con-full e-flex e-con e-child\" data-id=\"b5f419b\" data-element_type=\"container\">\n\t\t\t\t<div class=\"elementor-element elementor-element-6ddf280 elementor-widget elementor-widget-text-editor\" data-id=\"6ddf280\" data-element_type=\"widget\" data-widget_type=\"text-editor.default\">\n\t\t\t\t<div class=\"elementor-widget-container\">\n\t\t\t\t\t\t\t\t\t<p>Il op\u00e8re tout au long de la formation en lien \u00e9troit avec le r\u00e9f\u00e9rent p\u00e9dagogique d\u00e9di\u00e9 au sein de l\u2019\u00e9tablissement qui suit l\u2019apprenant tout au long de son parcours en entreprise. Le r\u00e9f\u00e9rent handicap est aussi en lien avec les professionnels \u00e9ducatifs et m\u00e9dico-sociaux de la personne.<\/p><p>Notre r\u00e9f\u00e9rent handicap\u00a0peut notamment vous accompagner dans :\u00a0<\/p><ul><li>Le choix de votre formation<\/li><li>La constitution de votre dossier de demande d\u2019ouverture de droits aupr\u00e8s de la Maison D\u00e9partementale des Personnes Handicap\u00e9es (MDPH)<\/li><li>L\u2019am\u00e9nagement de votre formation (mat\u00e9riel p\u00e9dagogique, am\u00e9nagement de temps\u2026) et de vos \u00e9preuves.<\/li><\/ul>\t\t\t\t\t\t\t\t<\/div>\n\t\t\t\t<\/div>\n\t\t\t\t<div class=\"elementor-element elementor-element-782bec0 elementor-mobile-align-center elementor-widget elementor-widget-button\" data-id=\"782bec0\" data-element_type=\"widget\" data-widget_type=\"button.default\">\n\t\t\t\t<div class=\"elementor-widget-container\">\n\t\t\t\t\t\t\t\t\t<div class=\"elementor-button-wrapper\">\n\t\t\t\t\t<a class=\"elementor-button elementor-button-link elementor-size-sm\" href=\"https:\/\/ampara-mediterrane.corsica\/ecm_corsica\/ecmc.php\">\n\t\t\t\t\t\t<span class=\"elementor-button-content-wrapper\">\n\t\t\t\t\t\t<span class=\"elementor-button-icon\">\n\t\t\t\t<i aria-hidden=\"true\" class=\"far fa-caret-square-right\"><\/i>\t\t\t<\/span>\n\t\t\t\t\t\t\t\t\t<span class=\"elementor-button-text\">Catalogue des formations<\/span>\n\t\t\t\t\t<\/span>\n\t\t\t\t\t<\/a>\n\t\t\t\t<\/div>\n\t\t\t\t\t\t\t\t<\/div>\n\t\t\t\t<\/div>\n\t\t\t\t<\/div>\n\t\t\t\t\t<\/div>\n\t\t\t\t<\/div>\n\t\t<div class=\"elementor-element elementor-element-ca0a7a0 e-flex e-con-boxed e-con e-parent\" data-id=\"ca0a7a0\" data-element_type=\"container\" data-settings=\"{&quot;background_background&quot;:&quot;classic&quot;}\">\n\t\t\t\t\t<div class=\"e-con-inner\">\n\t\t\t\t<div class=\"elementor-element elementor-element-e44da96 elementor-align-center elementor-widget elementor-widget-button\" data-id=\"e44da96\" data-element_type=\"widget\" data-widget_type=\"button.default\">\n\t\t\t\t<div class=\"elementor-widget-container\">\n\t\t\t\t\t\t\t\t\t<div class=\"elementor-button-wrapper\">\n\t\t\t\t\t<a class=\"elementor-button elementor-size-xl\" role=\"button\">\n\t\t\t\t\t\t<span class=\"elementor-button-content-wrapper\">\n\t\t\t\t\t\t\t\t\t<span class=\"elementor-button-text\">Contactez notre r\u00e9f\u00e9rent Handicap<\/span>\n\t\t\t\t\t<\/span>\n\t\t\t\t\t<\/a>\n\t\t\t\t<\/div>\n\t\t\t\t\t\t\t\t<\/div>\n\t\t\t\t<\/div>\n\t\t\t\t\t<\/div>\n\t\t\t\t<\/div>\n\t\t<div class=\"elementor-element elementor-element-40c8f94 e-flex e-con-boxed e-con e-parent\" data-id=\"40c8f94\" data-element_type=\"container\">\n\t\t\t\t\t<div class=\"e-con-inner\">\n\t\t<div class=\"elementor-element elementor-element-df47f98 e-con-full e-flex e-con e-child\" data-id=\"df47f98\" data-element_type=\"container\">\n\t\t\t\t<div class=\"elementor-element elementor-element-bad990f elementor-widget elementor-widget-text-editor\" data-id=\"bad990f\" data-element_type=\"widget\" data-widget_type=\"text-editor.default\">\n\t\t\t\t<div class=\"elementor-widget-container\">\n\t\t\t\t\t\t\t\t\t<p><strong>Campus Bastia<\/strong><\/p><p>Lieu dit strada vecchia . 20290 BORGO<\/p><p><strong>Jenny RIOS<\/strong>\u00a0 .\u00a0 04 95 30 00 11\u00a0 .\u00a0 eef@ccihc.fr<\/p>\t\t\t\t\t\t\t\t<\/div>\n\t\t\t\t<\/div>\n\t\t\t\t<\/div>\n\t\t<div class=\"elementor-element elementor-element-46e8c5b e-con-full e-flex e-con e-child\" data-id=\"46e8c5b\" data-element_type=\"container\">\n\t\t\t\t<div class=\"elementor-element elementor-element-6f1e3ad elementor-widget elementor-widget-text-editor\" data-id=\"6f1e3ad\" data-element_type=\"widget\" data-widget_type=\"text-editor.default\">\n\t\t\t\t<div class=\"elementor-widget-container\">\n\t\t\t\t\t\t\t\t\t<p><strong>Campus Ajaccio<\/strong><\/p><p>Route du Ricantu . 20090 AJACCIO<\/p><p><strong>Montagna GUEHL CONDELLO<\/strong>\u00a0 .\u00a0 04 95 20 10 46\u00a0 .\u00a0 montagna.guehl@sudcorse.cci.fr<\/p>\t\t\t\t\t\t\t\t<\/div>\n\t\t\t\t<\/div>\n\t\t\t\t<\/div>\n\t\t\t\t\t<\/div>\n\t\t\t\t<\/div>\n\t\t<div class=\"elementor-element elementor-element-3b8c648 e-flex e-con-boxed e-con e-parent\" data-id=\"3b8c648\" data-element_type=\"container\">\n\t\t\t\t\t<div class=\"e-con-inner\">\n\t\t\t\t<div class=\"elementor-element elementor-element-3fd4f65 elementor-widget elementor-widget-shortcode\" data-id=\"3fd4f65\" data-element_type=\"widget\" data-widget_type=\"shortcode.default\">\n\t\t\t\t<div class=\"elementor-widget-container\">\n\t\t\t\t\t\t\t<div class=\"elementor-shortcode\">\n\t\t\t<form id=\"sib_signup_form_2\" method=\"post\" class=\"sib_signup_form\">\n\t\t\t\t<div class=\"sib_loader\" style=\"display:none;\"><img\n\t\t\t\t\t\t\tsrc=\"https:\/\/formation-ccihc.fr\/kedge_2024\/wp-includes\/images\/spinner.gif\" alt=\"loader\"><\/div>\n\t\t\t\t<input type=\"hidden\" name=\"sib_form_action\" value=\"subscribe_form_submit\">\n\t\t\t\t<input type=\"hidden\" name=\"sib_form_id\" value=\"2\">\n                <input type=\"hidden\" name=\"sib_form_alert_notice\" value=\"Champ obligatoire\">\n                <input type=\"hidden\" name=\"sib_form_invalid_email_notice\" value=\"Email invalide\">\n                <input type=\"hidden\" name=\"sib_security\" value=\"d01c675b00\">\n\t\t\t\t<div class=\"sib_signup_box_inside_2\">\n\t\t\t\t\t<div style=\"\/*display:none*\/\" class=\"sib_msg_disp\">\n\t\t\t\t\t<\/div>\n                    \t\t\t\t\t<p class=\"sib-email-area\">\r\n    Email*\r\n    <input type=\"email\" class=\"sib-email-area\" name=\"email\" required=\"required\">\r\n<\/p>\r\n<p class=\"sib-NAME-area\">\r\n    Nom\r\n    <input type=\"text\" class=\"sib-NAME-area\" name=\"NAME\">\r\n<\/p>\r\n<p class=\"sib-PRENOM-area\"> \r\n    Pr\u00e9nom\r\n    <input type=\"text\" class=\"sib-PRENOM-area\" name=\"PRENOM\"> \r\n<\/p>\r\n\r\n<p class=\"sib-SMS-area\"> \r\n    T\u00e9l\u00e9phone \r\n<div class=\"sib-sms-field\"><div class=\"sib-country-block\"><div class=\"sib-toggle sib-country-flg\"><div class=\"sib-cflags\" style=\"background-image:url(https:\/\/formation-ccihc.fr\/kedge_2024\/wp-content\/plugins\/mailin\/img\/flags\/fr.png)\"><\/div> <div class=\"sib-icon-arrow\"><\/div><\/div> <\/div><ul class=\"sib-country-list\" style=\"display: none\"><\/ul><input type=\"hidden\" name=\"sib_SMS_prefix\" value=\"+33\"><input type=\"text\" name=\"SMS\" class=\"sib-sms\" value=\"+33\"><\/div>\r\n<\/p>\r\n\r\n<p class=\"sib-MESSAGE-area\"> \r\n    Message\r\n    <input type=\"text\" class=\"sib-MESSAGE-area\" name=\"MESSAGE\"> \r\n<\/p>\r\n<p>\r\n    <input type=\"submit\" class=\"sib-default-btn\" value=\"Envoyer\">\r\n<\/p>\r\n\t\t\t\t<\/div>\n\t\t\t<\/form>\n\t\t\t<style>\n\t\t\t\tform#sib_signup_form_2 { padding: 5px; -moz-box-sizing:border-box; -webkit-box-sizing: border-box; box-sizing: border-box; } form#sib_signup_form_2 input[type=text],form#sib_signup_form_2 input[type=email], form#sib_signup_form_2 select { width: 100%; border: 1px solid #bbb; height: auto; margin: 5px 0 0 0; } form#sib_signup_form_2 .sib-default-btn { margin: 5px 0; padding: 6px 12px; color:#fff; background-color: #ecc033; border-color: #ffffff; font-size: 14px; font-weight:400; line-height: 1.4285; text-align: center; cursor: pointer; vertical-align: middle; -webkit-user-select:none; -moz-user-select:none; -ms-user-select:none; user-select:none; white-space: normal; border:1px solid transparent; border-radius: 3px; } form#sib_signup_form_2 .sib-default-btn:hover { background-color: #444; } form#sib_signup_form_2 p{ margin: 10px 0 0 0; }form#sib_signup_form_2 p.sib-alert-message {\n    padding: 6px 12px;\n    margin-bottom: 20px;\n    border: 1px solid transparent;\n    border-radius: 4px;\n    -webkit-box-sizing: border-box;\n    -moz-box-sizing: border-box;\n    box-sizing: border-box;\n}\nform#sib_signup_form_2 p.sib-alert-message-error {\n    background-color: #f2dede;\n    border-color: #ebccd1;\n    color: #a94442;\n}\nform#sib_signup_form_2 p.sib-alert-message-success {\n    background-color: #dff0d8;\n    border-color: #d6e9c6;\n    color: #3c763d;\n}\nform#sib_signup_form_2 p.sib-alert-message-warning {\n    background-color: #fcf8e3;\n    border-color: #faebcc;\n    color: #8a6d3b;\n}\n\t\t\t<\/style>\n\t\t\t<\/div>\n\t\t\t\t\t\t<\/div>\n\t\t\t\t<\/div>\n\t\t\t\t\t<\/div>\n\t\t\t\t<\/div>\n\t\t\t\t<\/div>\n\t\t","protected":false},"excerpt":{"rendered":"<p>se mobilise pour le handicap \u00a0\u00bb HANDICAP FRENDLY \u00ab\u00a0 Ici nous accueillons les diff\u00e9rences VOUS ACCOMPAGNER &#8211; Un r\u00e9f\u00e9rent Handicap pour vous accueillir et vous accompagner ADAPTABILITE &#8211; Collaborateurs, \u00e9quipes p\u00e9dagogiques sp\u00e9cialement form\u00e9s et sensibilis\u00e9s \u00e0 l\u2019accueil de personnes ayant un handicap SUIVI FORMATION &#8211; Am\u00e9nagement, accompagnement, des modalit\u00e9s d\u2019\u00e9valuation lors des phases d\u2019examen &#8211;&hellip;<\/p>\n","protected":false},"author":1,"featured_media":0,"parent":0,"menu_order":0,"comment_status":"closed","ping_status":"closed","template":"","meta":{"footnotes":""},"class_list":["post-3907","page","type-page","status-publish","hentry"],"_links":{"self":[{"href":"https:\/\/formation-ccihc.fr\/kedge_2024\/wp-json\/wp\/v2\/pages\/3907","targetHints":{"allow":["GET"]}}],"collection":[{"href":"https:\/\/formation-ccihc.fr\/kedge_2024\/wp-json\/wp\/v2\/pages"}],"about":[{"href":"https:\/\/formation-ccihc.fr\/kedge_2024\/wp-json\/wp\/v2\/types\/page"}],"author":[{"embeddable":true,"href":"https:\/\/formation-ccihc.fr\/kedge_2024\/wp-json\/wp\/v2\/users\/1"}],"replies":[{"embeddable":true,"href":"https:\/\/formation-ccihc.fr\/kedge_2024\/wp-json\/wp\/v2\/comments?post=3907"}],"version-history":[{"count":163,"href":"https:\/\/formation-ccihc.fr\/kedge_2024\/wp-json\/wp\/v2\/pages\/3907\/revisions"}],"predecessor-version":[{"id":4772,"href":"https:\/\/formation-ccihc.fr\/kedge_2024\/wp-json\/wp\/v2\/pages\/3907\/revisions\/4772"}],"wp:attachment":[{"href":"https:\/\/formation-ccihc.fr\/kedge_2024\/wp-json\/wp\/v2\/media?parent=3907"}],"curies":[{"name":"wp","href":"https:\/\/api.w.org\/{rel}","templated":true}]}}